{"id":24985,"date":"2024-04-23T11:54:26","date_gmt":"2024-04-23T09:54:26","guid":{"rendered":"https:\/\/instalrfp.com\/condicions-dus-del-web\/"},"modified":"2024-05-06T17:28:48","modified_gmt":"2024-05-06T15:28:48","slug":"condicions-dus-del-web","status":"publish","type":"page","link":"https:\/\/instalrfp.com\/ca\/condicions-dus-del-web\/","title":{"rendered":"<i>Condicions d&#8217;\u00fas del web<\/i>"},"content":{"rendered":"\t\t<div data-elementor-type=\"wp-page\" data-elementor-id=\"24985\" class=\"elementor elementor-24985 elementor-24928\">\n\t\t\t\t\t\t<section data-parallax-params=\"{&quot;parallax&quot;:1,&quot;flow&quot;:&quot;default&quot;,&quot;crop&quot;:&quot;none&quot;,&quot;ease&quot;:&quot;power2&quot;,&quot;duration&quot;:1,&quot;delay&quot;:0,&quot;squeeze&quot;:1,&quot;text&quot;:&quot;block&quot;,&quot;text_separate&quot;:0,&quot;text_wrap&quot;:0,&quot;mouse&quot;:0,&quot;mouse_type&quot;:&quot;transform3d&quot;,&quot;mouse_tilt_amount&quot;:70,&quot;mouse_speed&quot;:10,&quot;mouse_z&quot;:&quot;&quot;,&quot;mouse_handler&quot;:&quot;row&quot;,&quot;range_start&quot;:0,&quot;range_end&quot;:40,&quot;sticky_offset&quot;:0,&quot;lag&quot;:0,&quot;x_start&quot;:0,&quot;x_start_unit&quot;:&quot;px&quot;,&quot;x_end&quot;:0,&quot;x_end_unit&quot;:&quot;px&quot;,&quot;y_start&quot;:0,&quot;y_start_unit&quot;:&quot;px&quot;,&quot;y_end&quot;:0,&quot;y_end_unit&quot;:&quot;px&quot;,&quot;scale_start&quot;:100,&quot;scale_end&quot;:100,&quot;rotate_start&quot;:0,&quot;rotate_end&quot;:0,&quot;opacity_start&quot;:0.4,&quot;opacity_end&quot;:1,&quot;crop_start&quot;:0,&quot;crop_end&quot;:100}\" class=\"elementor-section elementor-top-section elementor-element elementor-element-42c435f elementor-section-content-middle sc_parallax elementor-section-boxed elementor-section-height-default elementor-section-height-default sc_fly_static sc_parallax_default\" data-id=\"42c435f\" data-element_type=\"section\" data-settings=\"{&quot;background_background&quot;:&quot;classic&quot;}\">\n\t\t\t\t\t\t<div class=\"elementor-container elementor-column-gap-extended\">\n\t\t\t\t\t<div class=\"elementor-column elementor-col-100 elementor-top-column elementor-element elementor-element-6809a2f sc_inner_width_none sc_content_align_inherit sc_layouts_column_icons_position_left sc_fly_static\" data-id=\"6809a2f\" data-element_type=\"column\">\n\t\t\t<div class=\"elementor-widget-wrap elementor-element-populated\">\n\t\t\t\t\t\t<div class=\"elementor-element elementor-element-585faae sc_height_large sc_fly_static elementor-widget elementor-widget-spacer\" data-id=\"585faae\" data-element_type=\"widget\" data-widget_type=\"spacer.default\">\n\t\t\t\t<div class=\"elementor-widget-container\">\n\t\t\t\t\t<div class=\"elementor-spacer\">\n\t\t\t<div class=\"elementor-spacer-inner\"><\/div>\n\t\t<\/div>\n\t\t\t\t<\/div>\n\t\t\t\t<\/div>\n\t\t\t\t<div class=\"elementor-element elementor-element-5f3e8cd animation_type_block sc_fly_static elementor-invisible elementor-widget elementor-widget-text-editor\" data-id=\"5f3e8cd\" data-element_type=\"widget\" data-settings=\"{&quot;_animation&quot;:&quot;fadeInLeft&quot;}\" data-widget_type=\"text-editor.default\">\n\t\t\t\t<div class=\"elementor-widget-container\">\n\t\t\t\t\t\t\t<h2>Condicions d&#8217;\u00fas<\/h2>\n\t\t\t\t\t\t<\/div>\n\t\t\t\t<\/div>\n\t\t\t\t<div class=\"elementor-element elementor-element-a30e674 sc_height_small sc_fly_static elementor-widget elementor-widget-spacer\" data-id=\"a30e674\" data-element_type=\"widget\" data-widget_type=\"spacer.default\">\n\t\t\t\t<div class=\"elementor-widget-container\">\n\t\t\t\t\t<div class=\"elementor-spacer\">\n\t\t\t<div class=\"elementor-spacer-inner\"><\/div>\n\t\t<\/div>\n\t\t\t\t<\/div>\n\t\t\t\t<\/div>\n\t\t\t\t<div class=\"elementor-element elementor-element-98cfaec sc_fly_static elementor-widget elementor-widget-text-editor\" data-id=\"98cfaec\" data-element_type=\"widget\" data-settings=\"{&quot;_animation&quot;:&quot;none&quot;}\" data-widget_type=\"text-editor.default\">\n\t\t\t\t<div class=\"elementor-widget-container\">\n\t\t\t\t\t\t\t<p>En aquesta web es detallen els serveis oferts per \u201cInstalaciones y Mantenimientos R.F.P. e hijos, S.L..\u201d (\u201cInstalRFP\u201d, d&#8217;ara endavant). El seu \u00fas implica l&#8217;acceptaci\u00f3 de les condicions seg\u00fcents, declinant realitzar qualsevol reclamaci\u00f3 sobre aquestes:<\/p>\n<p>a) El servidor on est\u00e0 allotjat aquest web utilitza cookies, que quedaran emmagatzemades a l&#8217;ordinador del visitant. Les cookies s\u00f3n petits arxius que contenen certa informaci\u00f3 sobre la visita a la web, com el dia i l&#8217;hora en qu\u00e8 comen\u00e7a la visita, en qu\u00e8 s&#8217;abandona, aix\u00ed com informaci\u00f3 sobre les diferents seccions consultades. Si l&#8217;usuari ho desitja, pot configurar el vostre navegador per avisar sobre si rebreu una cookie, o per evitar rebre-les, fet que no impedir\u00e0 que es pugui accedir a la web. Teniu m\u00e9s informaci\u00f3 sobre les cookies a l&#8217;apartat de Pol\u00edtica de Cookies.<\/p>\n<p>b) \u201cInstalRFP\u201d podr\u00e0 modificar el contingut de la web, els seus serveis, tarifes, garanties, etc., en qualsevol moment i sense av\u00eds previ.<\/p>\n<p>c) \u201cInstalRFP\u201d pot posar a disposici\u00f3 de l&#8217;usuari enlla\u00e7os o altres elements que permeten accedir a altres llocs web pertanyents a tercers. No comercialitzem els productes i serveis d&#8217;aquestes p\u00e0gines enlla\u00e7ades, ni assumim cap tipus de responsabilitat sobre aquestes, ni sobre la informaci\u00f3 continguda en elles, ni la seva veracitat o licitud, ni de qualsevol efecte que se&#8217;n poguessin derivar. En tot cas, \u201cInstalRFP\u201d manifesta que procedir\u00e0 a la retirada immediata de qualsevol contingut que pogu\u00e9s contravenir la legislaci\u00f3 nacional o internacional, la moral o l&#8217;ordre p\u00fablic, procedint a la retirada immediata de la redirecci\u00f3 a aquest lloc web, posant en coneixement de les autoritats competents el contingut en q\u00fcesti\u00f3.<\/p>\n<p>d) Els preus indicats a la web, si n&#8217;hi ha, seran v\u00e0lids excepte error tipogr\u00e0fic, i susceptibles de canvis sense av\u00eds previ.<\/p>\n<p>e) No cal registrar-se a la web, ni facilitar cap tipus de dada personal, per navegar-hi.<\/p>\n<p>f) \u201cInstalRFP\u201d no pot garantir el funcionament ininterromput o totalment lliure d\u201ferrors d\u201faquesta web. Per tant, no ens fem responsables de cap dany causat per l\u00fas daquest lloc.<\/p>\n<p>g) \u201cInstalRFP\u201d ofereix els seus serveis i productes de manera indefinida, podent, no obstant, suspendre&#8217;n la prestaci\u00f3, unilateralment i sense av\u00eds previ.<\/p>\n<p>h) \u201cInstalRFP\u201d no es far\u00e0 responsable dels danys i perjudicis, propis o tercers, produ\u00efts per un mal \u00fas d&#8217;aquesta web per part del client.<\/p>\n<p>i) L&#8217;usuari es compromet a no utilitzar aquesta web ni els serveis que s&#8217;hi ofereixen per a la realitzaci\u00f3 d&#8217;activitats contr\u00e0ries a la llei, a l&#8217;ordre p\u00fablic oa aquestes condicions.<\/p>\n<p>j) \u201cInstalRFP\u201d no se responsabiliza de los virus que tengan su origen en una transmisi\u00f3n telem\u00e1tica infiltrados por terceros generados con la finalidad de obtener resultados negativos para un sistema inform\u00e1tico.<\/p>\n<p>k) \u201cInstalRFP\u201d no es fa responsable de la informaci\u00f3 i continguts emmagatzemats, a t\u00edtol enunciatiu per\u00f2 no limitatiu, en f\u00f2rums, xats, generadors de blocs, comentaris, xarxes socials o qualsevol altre mitj\u00e0 que permeti a tercers publicar continguts de forma independent a la p\u00e0gina web del prestador. No obstant aix\u00f2 i en compliment del que disposa l&#8217;art. 11 i 16 de la LSSI-CE, \u201cInstalRFP\u201d es posa a disposici\u00f3 de tots els usuaris, autoritats i forces de seguretat, i col\u00b7laborant de forma activa en la retirada o si \u00e9s el cas bloqueig de tots aquells continguts que poguessin afectar o contravenir la legislaci\u00f3 nacional, o internacional, drets de tercers o la moral i lordre p\u00fablic. En cas que l&#8217;usuari consideri que hi ha al lloc web algun contingut que pogu\u00e9s ser susceptible d&#8217;aquesta classificaci\u00f3, es prega que ho notifiqui de manera immediata a l&#8217;administrador del lloc web.<\/p>\n<p>l) Aquest lloc web ha estat revisat i provat perqu\u00e8 funcioni correctament. En principi, es pot garantir el funcionament correcte els 365 dies de l&#8217;any, 24 hores al dia. Tot i aix\u00f2, \u201cInstalRFP\u201d no descarta la possibilitat que hi hagi certs errors de programaci\u00f3, o que esdevinguin causes de for\u00e7a major, cat\u00e0strofes naturals, vagues, o circumst\u00e0ncies semblants que facin impossible l&#8217;acc\u00e9s a la p\u00e0gina web.<\/p>\n<p>En definitiva, l&#8217;usuari \u00e9s l&#8217;\u00fanic responsable de l&#8217;\u00fas que faci dels serveis, continguts i enlla\u00e7os inclosos aquest web.<\/p>\n\t\t\t\t\t\t<\/div>\n\t\t\t\t<\/div>\n\t\t\t\t<div class=\"elementor-element elementor-element-d602c9d sc_height_large sc_fly_static elementor-widget elementor-widget-spacer\" data-id=\"d602c9d\" data-element_type=\"widget\" data-widget_type=\"spacer.default\">\n\t\t\t\t<div class=\"elementor-widget-container\">\n\t\t\t\t\t<div class=\"elementor-spacer\">\n\t\t\t<div class=\"elementor-spacer-inner\"><\/div>\n\t\t<\/div>\n\t\t\t\t<\/div>\n\t\t\t\t<\/div>\n\t\t\t\t\t<\/div>\n\t\t<\/div>\n\t\t\t\t\t<\/div>\n\t\t<\/section>\n\t\t\t\t<section data-parallax-params=\"{&quot;parallax&quot;:1,&quot;flow&quot;:&quot;default&quot;,&quot;crop&quot;:&quot;none&quot;,&quot;ease&quot;:&quot;power2&quot;,&quot;duration&quot;:1,&quot;delay&quot;:0,&quot;squeeze&quot;:1,&quot;text&quot;:&quot;block&quot;,&quot;text_separate&quot;:0,&quot;text_wrap&quot;:0,&quot;mouse&quot;:0,&quot;mouse_type&quot;:&quot;transform3d&quot;,&quot;mouse_tilt_amount&quot;:70,&quot;mouse_speed&quot;:10,&quot;mouse_z&quot;:&quot;&quot;,&quot;mouse_handler&quot;:&quot;row&quot;,&quot;range_start&quot;:0,&quot;range_end&quot;:40,&quot;sticky_offset&quot;:0,&quot;lag&quot;:0,&quot;x_start&quot;:0,&quot;x_start_unit&quot;:&quot;px&quot;,&quot;x_end&quot;:0,&quot;x_end_unit&quot;:&quot;px&quot;,&quot;y_start&quot;:0,&quot;y_start_unit&quot;:&quot;px&quot;,&quot;y_end&quot;:0,&quot;y_end_unit&quot;:&quot;px&quot;,&quot;scale_start&quot;:100,&quot;scale_end&quot;:100,&quot;rotate_start&quot;:0,&quot;rotate_end&quot;:0,&quot;opacity_start&quot;:0.4,&quot;opacity_end&quot;:1,&quot;crop_start&quot;:0,&quot;crop_end&quot;:100}\" class=\"elementor-section elementor-top-section elementor-element elementor-element-5a07692 scheme_dark sc_parallax elementor-section-boxed elementor-section-height-default elementor-section-height-default sc_fly_static sc_parallax_default\" data-id=\"5a07692\" data-element_type=\"section\" data-settings=\"{&quot;background_background&quot;:&quot;classic&quot;}\">\n\t\t\t\t\t\t<div class=\"elementor-container elementor-column-gap-extended\">\n\t\t\t\t\t<div class=\"elementor-column elementor-col-100 elementor-top-column elementor-element elementor-element-f7d4a6e sc_layouts_column_align_center sc_layouts_column sc_inner_width_none sc_content_align_inherit sc_layouts_column_icons_position_left sc_fly_static\" data-id=\"f7d4a6e\" data-element_type=\"column\">\n\t\t\t<div class=\"elementor-widget-wrap elementor-element-populated\">\n\t\t\t\t\t\t<div class=\"elementor-element elementor-element-281e9f0 sc_height_huge sc_fly_static elementor-widget elementor-widget-spacer\" data-id=\"281e9f0\" data-element_type=\"widget\" data-widget_type=\"spacer.default\">\n\t\t\t\t<div class=\"elementor-widget-container\">\n\t\t\t\t\t<div class=\"elementor-spacer\">\n\t\t\t<div class=\"elementor-spacer-inner\"><\/div>\n\t\t<\/div>\n\t\t\t\t<\/div>\n\t\t\t\t<\/div>\n\t\t\t\t<div class=\"elementor-element elementor-element-4afea72 sc_layouts_hide_on_tablet sc_layouts_hide_on_mobile sc_fly_static elementor-widget elementor-widget-spacer\" data-id=\"4afea72\" data-element_type=\"widget\" data-widget_type=\"spacer.default\">\n\t\t\t\t<div class=\"elementor-widget-container\">\n\t\t\t\t\t<div class=\"elementor-spacer\">\n\t\t\t<div class=\"elementor-spacer-inner\"><\/div>\n\t\t<\/div>\n\t\t\t\t<\/div>\n\t\t\t\t<\/div>\n\t\t\t\t<div class=\"elementor-element elementor-element-40467a4 elementor-widget__width-initial scheme_default animated-slow animation_type_block sc_fly_static elementor-invisible elementor-widget elementor-widget-trx_sc_title\" data-id=\"40467a4\" data-element_type=\"widget\" data-settings=\"{&quot;_animation&quot;:&quot;soleil-fadeinup&quot;}\" data-widget_type=\"trx_sc_title.default\">\n\t\t\t\t<div class=\"elementor-widget-container\">\n\t\t\t<div\t\tclass=\"sc_title color_style_link3 scheme_default sc_title_default\" ><h1 class=\"sc_item_title sc_title_title sc_align_center sc_item_title_style_default sc_item_title_tag trx_addons_inline_1925381942\"\n\t\t\t><span class=\"sc_item_title_text\">Necessites una instal\u00b7laci\u00f3?<\/span><\/h1><div\tclass=\"sc_item_button sc_button_wrap sc_align_center sc_item_button sc_item_button_hover sc_item_button_size_normal sc_title_button\"><a href=\"https:\/\/instalrfp.com\/ca\/contacte\/\" class=\"sc_button sc_button_hover sc_button_shadow sc_button_size_normal sc_button_icon_left\"><span class=\"sc_button_text\"><span class=\"sc_button_title\">Contacta'ns<\/span><\/span><\/a><\/div><\/div>\t\t<\/div>\n\t\t\t\t<\/div>\n\t\t\t\t<div class=\"elementor-element elementor-element-c4445d9 sc_layouts_hide_on_tablet sc_layouts_hide_on_mobile sc_fly_static elementor-widget elementor-widget-spacer\" data-id=\"c4445d9\" data-element_type=\"widget\" data-widget_type=\"spacer.default\">\n\t\t\t\t<div class=\"elementor-widget-container\">\n\t\t\t\t\t<div class=\"elementor-spacer\">\n\t\t\t<div class=\"elementor-spacer-inner\"><\/div>\n\t\t<\/div>\n\t\t\t\t<\/div>\n\t\t\t\t<\/div>\n\t\t\t\t<div class=\"elementor-element elementor-element-e705e2c sc_height_huge sc_fly_static elementor-widget elementor-widget-spacer\" data-id=\"e705e2c\" data-element_type=\"widget\" data-widget_type=\"spacer.default\">\n\t\t\t\t<div class=\"elementor-widget-container\">\n\t\t\t\t\t<div class=\"elementor-spacer\">\n\t\t\t<div class=\"elementor-spacer-inner\"><\/div>\n\t\t<\/div>\n\t\t\t\t<\/div>\n\t\t\t\t<\/div>\n\t\t\t\t\t<\/div>\n\t\t<\/div>\n\t\t\t\t\t<\/div>\n\t\t<\/section>\n\t\t\t\t<\/div>\n\t\t","protected":false},"excerpt":{"rendered":"<p>Condicions d&#8217;\u00fas En aquesta web es detallen els serveis oferts per \u201cInstalaciones y Mantenimientos R.F.P. e hijos, S.L..\u201d (\u201cInstalRFP\u201d, d&#8217;ara endavant). El seu \u00fas implica l&#8217;acceptaci\u00f3 de les condicions seg\u00fcents,&hellip;<\/p>\n","protected":false},"author":1,"featured_media":0,"parent":0,"menu_order":0,"comment_status":"closed","ping_status":"closed","template":"","meta":{"footnotes":""},"class_list":["post-24985","page","type-page","status-publish","hentry"],"_links":{"self":[{"href":"https:\/\/instalrfp.com\/ca\/wp-json\/wp\/v2\/pages\/24985","targetHints":{"allow":["GET"]}}],"collection":[{"href":"https:\/\/instalrfp.com\/ca\/wp-json\/wp\/v2\/pages"}],"about":[{"href":"https:\/\/instalrfp.com\/ca\/wp-json\/wp\/v2\/types\/page"}],"author":[{"embeddable":true,"href":"https:\/\/instalrfp.com\/ca\/wp-json\/wp\/v2\/users\/1"}],"replies":[{"embeddable":true,"href":"https:\/\/instalrfp.com\/ca\/wp-json\/wp\/v2\/comments?post=24985"}],"version-history":[{"count":2,"href":"https:\/\/instalrfp.com\/ca\/wp-json\/wp\/v2\/pages\/24985\/revisions"}],"predecessor-version":[{"id":25017,"href":"https:\/\/instalrfp.com\/ca\/wp-json\/wp\/v2\/pages\/24985\/revisions\/25017"}],"wp:attachment":[{"href":"https:\/\/instalrfp.com\/ca\/wp-json\/wp\/v2\/media?parent=24985"}],"curies":[{"name":"wp","href":"https:\/\/api.w.org\/{rel}","templated":true}]}}