{"id":24983,"date":"2024-04-18T13:17:32","date_gmt":"2024-04-18T11:17:32","guid":{"rendered":"https:\/\/instalrfp.com\/politica-de-qualitat\/"},"modified":"2025-02-11T15:58:34","modified_gmt":"2025-02-11T14:58:34","slug":"politica-de-qualitat","status":"publish","type":"page","link":"https:\/\/instalrfp.com\/ca\/politica-de-qualitat\/","title":{"rendered":"<i>Pol\u00edtica de qualitat<\/i>"},"content":{"rendered":"\t\t<div data-elementor-type=\"wp-page\" data-elementor-id=\"24983\" class=\"elementor elementor-24983 elementor-24309\">\n\t\t\t\t\t\t<section data-parallax-params=\"{&quot;parallax&quot;:1,&quot;flow&quot;:&quot;default&quot;,&quot;crop&quot;:&quot;none&quot;,&quot;ease&quot;:&quot;power2&quot;,&quot;duration&quot;:1,&quot;delay&quot;:0,&quot;squeeze&quot;:1,&quot;text&quot;:&quot;block&quot;,&quot;text_separate&quot;:0,&quot;text_wrap&quot;:0,&quot;mouse&quot;:0,&quot;mouse_type&quot;:&quot;transform3d&quot;,&quot;mouse_tilt_amount&quot;:70,&quot;mouse_speed&quot;:10,&quot;mouse_z&quot;:&quot;&quot;,&quot;mouse_handler&quot;:&quot;row&quot;,&quot;range_start&quot;:0,&quot;range_end&quot;:40,&quot;sticky_offset&quot;:0,&quot;lag&quot;:0,&quot;x_start&quot;:0,&quot;x_start_unit&quot;:&quot;px&quot;,&quot;x_end&quot;:0,&quot;x_end_unit&quot;:&quot;px&quot;,&quot;y_start&quot;:0,&quot;y_start_unit&quot;:&quot;px&quot;,&quot;y_end&quot;:0,&quot;y_end_unit&quot;:&quot;px&quot;,&quot;scale_start&quot;:100,&quot;scale_end&quot;:100,&quot;rotate_start&quot;:0,&quot;rotate_end&quot;:0,&quot;opacity_start&quot;:0.4,&quot;opacity_end&quot;:1,&quot;crop_start&quot;:0,&quot;crop_end&quot;:100}\" class=\"elementor-section elementor-top-section elementor-element elementor-element-532c3f7 elementor-section-content-middle sc_parallax elementor-section-boxed elementor-section-height-default elementor-section-height-default sc_fly_static sc_parallax_default\" data-id=\"532c3f7\" data-element_type=\"section\" data-settings=\"{&quot;background_background&quot;:&quot;classic&quot;}\">\n\t\t\t\t\t\t<div class=\"elementor-container elementor-column-gap-extended\">\n\t\t\t\t\t<div class=\"elementor-column elementor-col-100 elementor-top-column elementor-element elementor-element-8d4db56 sc_inner_width_none sc_content_align_inherit sc_layouts_column_icons_position_left sc_fly_static\" data-id=\"8d4db56\" data-element_type=\"column\">\n\t\t\t<div class=\"elementor-widget-wrap elementor-element-populated\">\n\t\t\t\t\t\t<div class=\"elementor-element elementor-element-ceb8255 sc_height_large sc_fly_static elementor-widget elementor-widget-spacer\" data-id=\"ceb8255\" data-element_type=\"widget\" data-widget_type=\"spacer.default\">\n\t\t\t\t<div class=\"elementor-widget-container\">\n\t\t\t\t\t<div class=\"elementor-spacer\">\n\t\t\t<div class=\"elementor-spacer-inner\"><\/div>\n\t\t<\/div>\n\t\t\t\t<\/div>\n\t\t\t\t<\/div>\n\t\t\t\t<div class=\"elementor-element elementor-element-acf3ead animation_type_block sc_fly_static elementor-invisible elementor-widget elementor-widget-text-editor\" data-id=\"acf3ead\" data-element_type=\"widget\" data-settings=\"{&quot;_animation&quot;:&quot;fadeInLeft&quot;}\" data-widget_type=\"text-editor.default\">\n\t\t\t\t<div class=\"elementor-widget-container\">\n\t\t\t\t\t\t\t<h2>Sempre a la recerca de la millor qualitat<\/h2>\n\t\t\t\t\t\t<\/div>\n\t\t\t\t<\/div>\n\t\t\t\t<div class=\"elementor-element elementor-element-30d336a sc_height_small sc_fly_static elementor-widget elementor-widget-spacer\" data-id=\"30d336a\" data-element_type=\"widget\" data-widget_type=\"spacer.default\">\n\t\t\t\t<div class=\"elementor-widget-container\">\n\t\t\t\t\t<div class=\"elementor-spacer\">\n\t\t\t<div class=\"elementor-spacer-inner\"><\/div>\n\t\t<\/div>\n\t\t\t\t<\/div>\n\t\t\t\t<\/div>\n\t\t\t\t<div class=\"elementor-element elementor-element-f67d375 sc_fly_static elementor-widget elementor-widget-text-editor\" data-id=\"f67d375\" data-element_type=\"widget\" data-settings=\"{&quot;_animation&quot;:&quot;none&quot;}\" data-widget_type=\"text-editor.default\">\n\t\t\t\t<div class=\"elementor-widget-container\">\n\t\t\t\t\t\t\t<p><strong>INSTAL RFP<\/strong> posa a disposici\u00f3 de tots els clients els nostres serveis per a La instal\u00b7laci\u00f3 i manteniment d&#8217;instal\u00b7lacions de protecci\u00f3 contra incendis.<\/p><p>L&#8217;objectiu de la pol\u00edtica d&#8217;<strong>INSTAL RFP<\/strong> \u00e9s millorar els requeriments i satisfacci\u00f3 dels nostres clients i la qualitat dels nostres productes i serveis, aix\u00ed com el compliment de la normativa i els requisits legals aplicables, incloent-hi la legislaci\u00f3 ambiental. Per aix\u00f2, els clients d&#8217;<strong>INSTAL RFP<\/strong>, en triar-nos, poden estar segurs de trobar una fiabilitat de resposta des del primer contacte fins a la finalitzaci\u00f3 del proc\u00e9s, sempre amb el comprom\u00eds de reduir la contaminaci\u00f3 i protegir el medi ambient.<\/p><p>Per arribar a aquesta fiabilitat, <strong>INSTAL RFP<\/strong> defineix com a prioritaris els punts seg\u00fcents:<\/p><p>1. Augmentar la qualitat dels nostres productes i serveis com un avantatge competitiu i estrat\u00e8gic davant dels nostres competidors.<\/p><p>2. Innovar constantment en productes, processos i serveis com a factor diferencial davant dels nostres competidors.<\/p><p>3. Consolidar la nostra pres\u00e8ncia al mercat internacional com a subministrador dels nostres productes.4. Mantenir la formaci\u00f3 continuada del personal com a via indispensable per incrementar la competitivitat.<\/p><p>5. Optimitzar els costos derivats de cadascun dels nostres processos per augmentar la nostra rendibilitat i efic\u00e0cia.<\/p><p>6. Minimitzar els riscos laborals i millorar lambient de treball per aconseguir un bon clima laboral.<\/p><p>7. Minimitzar limpacte sobre el medi dels nostres processos, prevenint la contaminaci\u00f3 mediambiental.<\/p><p>8. Analitzar els processos i el sistema de gesti\u00f3 de manera continuada i amb refer\u00e8ncia a indicadors, aplicant conceptes i eines basades en la millora continuada.<\/p><p>El Sistema de Gesti\u00f3 ha estat desenvolupat sota la meva adre\u00e7a i compta amb el meu total suport. Encara que la coordinaci\u00f3 i execuci\u00f3 de les accions necess\u00e0ries per a la gesti\u00f3 del Sistema es delegue en el seu responsable, la responsabilitat \u00faltima d&#8217;obtenir-la recau en mi, per la qual cosa garanteixo els mitjans humans, t\u00e8cnics i econ\u00f2mics necessaris per assolir-los.<\/p><p>Si sorgissin problemes o difer\u00e8ncies d&#8217;opini\u00f3 que no poguessin resoldre&#8217;s d&#8217;acord amb aquest Manual, aquests m&#8217;hauran de sotmetre per a la seva resoluci\u00f3 final.<br \/><br \/><\/p><p style=\"text-align: center;\">Toni Fern\u00e1ndez<br \/>Director General<br \/>7\/2\/2025<\/p><p>\u00a0<\/p>\t\t\t\t\t\t<\/div>\n\t\t\t\t<\/div>\n\t\t\t\t<div class=\"elementor-element elementor-element-c308aaf sc_height_large sc_fly_static elementor-widget elementor-widget-spacer\" data-id=\"c308aaf\" data-element_type=\"widget\" data-widget_type=\"spacer.default\">\n\t\t\t\t<div class=\"elementor-widget-container\">\n\t\t\t\t\t<div class=\"elementor-spacer\">\n\t\t\t<div class=\"elementor-spacer-inner\"><\/div>\n\t\t<\/div>\n\t\t\t\t<\/div>\n\t\t\t\t<\/div>\n\t\t\t\t\t<\/div>\n\t\t<\/div>\n\t\t\t\t\t<\/div>\n\t\t<\/section>\n\t\t\t\t<section data-parallax-params=\"{&quot;parallax&quot;:1,&quot;flow&quot;:&quot;default&quot;,&quot;crop&quot;:&quot;none&quot;,&quot;ease&quot;:&quot;power2&quot;,&quot;duration&quot;:1,&quot;delay&quot;:0,&quot;squeeze&quot;:1,&quot;text&quot;:&quot;block&quot;,&quot;text_separate&quot;:0,&quot;text_wrap&quot;:0,&quot;mouse&quot;:0,&quot;mouse_type&quot;:&quot;transform3d&quot;,&quot;mouse_tilt_amount&quot;:70,&quot;mouse_speed&quot;:10,&quot;mouse_z&quot;:&quot;&quot;,&quot;mouse_handler&quot;:&quot;row&quot;,&quot;range_start&quot;:0,&quot;range_end&quot;:40,&quot;sticky_offset&quot;:0,&quot;lag&quot;:0,&quot;x_start&quot;:0,&quot;x_start_unit&quot;:&quot;px&quot;,&quot;x_end&quot;:0,&quot;x_end_unit&quot;:&quot;px&quot;,&quot;y_start&quot;:0,&quot;y_start_unit&quot;:&quot;px&quot;,&quot;y_end&quot;:0,&quot;y_end_unit&quot;:&quot;px&quot;,&quot;scale_start&quot;:100,&quot;scale_end&quot;:100,&quot;rotate_start&quot;:0,&quot;rotate_end&quot;:0,&quot;opacity_start&quot;:0.4,&quot;opacity_end&quot;:1,&quot;crop_start&quot;:0,&quot;crop_end&quot;:100}\" class=\"elementor-section elementor-top-section elementor-element elementor-element-1b5df32 elementor-section-content-middle sc_parallax animation_type_sequental elementor-section-boxed elementor-section-height-default elementor-section-height-default sc_fly_static sc_parallax_default elementor-invisible\" data-id=\"1b5df32\" data-element_type=\"section\" data-settings=\"{&quot;background_background&quot;:&quot;classic&quot;,&quot;animation&quot;:&quot;fadeInUp&quot;}\">\n\t\t\t\t\t\t<div class=\"elementor-container elementor-column-gap-extended\">\n\t\t\t\t\t<div class=\"elementor-column elementor-col-25 elementor-top-column elementor-element elementor-element-1bbfcf7 sc_inner_width_none sc_content_align_inherit sc_layouts_column_icons_position_left sc_fly_static\" data-id=\"1bbfcf7\" data-element_type=\"column\">\n\t\t\t<div class=\"elementor-widget-wrap elementor-element-populated\">\n\t\t\t\t\t\t<div class=\"elementor-element elementor-element-ae5e5d5 sc_height_medium sc_fly_static elementor-widget elementor-widget-spacer\" data-id=\"ae5e5d5\" data-element_type=\"widget\" data-widget_type=\"spacer.default\">\n\t\t\t\t<div class=\"elementor-widget-container\">\n\t\t\t\t\t<div class=\"elementor-spacer\">\n\t\t\t<div class=\"elementor-spacer-inner\"><\/div>\n\t\t<\/div>\n\t\t\t\t<\/div>\n\t\t\t\t<\/div>\n\t\t\t\t<div class=\"elementor-element elementor-element-f2af8c8 sc_fly_static elementor-widget elementor-widget-image\" data-id=\"f2af8c8\" data-element_type=\"widget\" data-widget_type=\"image.default\">\n\t\t\t\t<div class=\"elementor-widget-container\">\n\t\t\t\t\t\t\t\t\t\t\t\t\t<img decoding=\"async\" width=\"157\" height=\"169\" src=\"https:\/\/instalrfp.com\/wp-content\/uploads\/2024\/04\/ISO9001.png\" class=\"attachment-large size-large wp-image-24315\" alt=\"ISO9001\" \/>\t\t\t\t\t\t\t\t\t\t\t\t\t<\/div>\n\t\t\t\t<\/div>\n\t\t\t\t<div class=\"elementor-element elementor-element-ac142ef sc_height_medium sc_fly_static elementor-widget elementor-widget-spacer\" data-id=\"ac142ef\" data-element_type=\"widget\" data-widget_type=\"spacer.default\">\n\t\t\t\t<div class=\"elementor-widget-container\">\n\t\t\t\t\t<div class=\"elementor-spacer\">\n\t\t\t<div class=\"elementor-spacer-inner\"><\/div>\n\t\t<\/div>\n\t\t\t\t<\/div>\n\t\t\t\t<\/div>\n\t\t\t\t\t<\/div>\n\t\t<\/div>\n\t\t\t\t<div class=\"elementor-column elementor-col-50 elementor-top-column elementor-element elementor-element-9db66ce sc_inner_width_none sc_content_align_inherit sc_layouts_column_icons_position_left sc_fly_static\" data-id=\"9db66ce\" data-element_type=\"column\">\n\t\t\t<div class=\"elementor-widget-wrap elementor-element-populated\">\n\t\t\t\t\t\t<div class=\"elementor-element elementor-element-03bf1b9 sc_height_medium sc_fly_static elementor-widget elementor-widget-spacer\" data-id=\"03bf1b9\" data-element_type=\"widget\" data-widget_type=\"spacer.default\">\n\t\t\t\t<div class=\"elementor-widget-container\">\n\t\t\t\t\t<div class=\"elementor-spacer\">\n\t\t\t<div class=\"elementor-spacer-inner\"><\/div>\n\t\t<\/div>\n\t\t\t\t<\/div>\n\t\t\t\t<\/div>\n\t\t\t\t<div class=\"elementor-element elementor-element-7e5c669 sc_fly_static elementor-widget elementor-widget-heading\" data-id=\"7e5c669\" data-element_type=\"widget\" data-widget_type=\"heading.default\">\n\t\t\t\t<div class=\"elementor-widget-container\">\n\t\t\t<h2 class=\"elementor-heading-title elementor-size-default\">Certificaci\u00f3 de qualitat<\/h2>\t\t<\/div>\n\t\t\t\t<\/div>\n\t\t\t\t<div class=\"elementor-element elementor-element-bed9a07 sc_height_tiny sc_fly_static elementor-widget elementor-widget-spacer\" data-id=\"bed9a07\" data-element_type=\"widget\" data-widget_type=\"spacer.default\">\n\t\t\t\t<div class=\"elementor-widget-container\">\n\t\t\t\t\t<div class=\"elementor-spacer\">\n\t\t\t<div class=\"elementor-spacer-inner\"><\/div>\n\t\t<\/div>\n\t\t\t\t<\/div>\n\t\t\t\t<\/div>\n\t\t\t\t<div class=\"elementor-element elementor-element-0527e78 sc_fly_static elementor-widget elementor-widget-heading\" data-id=\"0527e78\" data-element_type=\"widget\" data-widget_type=\"heading.default\">\n\t\t\t\t<div class=\"elementor-widget-container\">\n\t\t\t<h6 class=\"elementor-heading-title elementor-size-default\">Vols m\u00e9s informaci\u00f3 sobre el nostre certificat de qualitat ISO 9001?<\/h6>\t\t<\/div>\n\t\t\t\t<\/div>\n\t\t\t\t<div class=\"elementor-element elementor-element-c848d7d sc_height_medium sc_fly_static elementor-widget elementor-widget-spacer\" data-id=\"c848d7d\" data-element_type=\"widget\" data-widget_type=\"spacer.default\">\n\t\t\t\t<div class=\"elementor-widget-container\">\n\t\t\t\t\t<div class=\"elementor-spacer\">\n\t\t\t<div class=\"elementor-spacer-inner\"><\/div>\n\t\t<\/div>\n\t\t\t\t<\/div>\n\t\t\t\t<\/div>\n\t\t\t\t\t<\/div>\n\t\t<\/div>\n\t\t\t\t<div class=\"elementor-column elementor-col-25 elementor-top-column elementor-element elementor-element-51645dc sc_inner_width_none sc_content_align_inherit sc_layouts_column_icons_position_left sc_fly_static\" data-id=\"51645dc\" data-element_type=\"column\">\n\t\t\t<div class=\"elementor-widget-wrap elementor-element-populated\">\n\t\t\t\t\t\t<div class=\"elementor-element elementor-element-6501456 sc_fly_static elementor-widget elementor-widget-trx_sc_button\" data-id=\"6501456\" data-element_type=\"widget\" data-widget_type=\"trx_sc_button.default\">\n\t\t\t\t<div class=\"elementor-widget-container\">\n\t\t\t<div\tclass=\"sc_item_button sc_button_wrap sc_align_center\" ><a href=\"\/wp-content\/uploads\/2024\/04\/34_5200_20_3079_INSTALACIONES-Y-MANTENIMIENTOS-R.F.P.-E-HIJOS_CAST.pdf\" class=\"sc_button sc_button_default sc_button_size_normal sc_button_icon_left color_style_link2\" ><span class=\"sc_button_text\"><span class=\"sc_button_title\">Veure la certificaci\u00f3<\/span><\/span><\/a><\/div>\t\t<\/div>\n\t\t\t\t<\/div>\n\t\t\t\t\t<\/div>\n\t\t<\/div>\n\t\t\t\t\t<\/div>\n\t\t<\/section>\n\t\t\t\t<section data-parallax-params=\"{&quot;parallax&quot;:1,&quot;flow&quot;:&quot;default&quot;,&quot;crop&quot;:&quot;none&quot;,&quot;ease&quot;:&quot;power2&quot;,&quot;duration&quot;:1,&quot;delay&quot;:0,&quot;squeeze&quot;:1,&quot;text&quot;:&quot;block&quot;,&quot;text_separate&quot;:0,&quot;text_wrap&quot;:0,&quot;mouse&quot;:0,&quot;mouse_type&quot;:&quot;transform3d&quot;,&quot;mouse_tilt_amount&quot;:70,&quot;mouse_speed&quot;:10,&quot;mouse_z&quot;:&quot;&quot;,&quot;mouse_handler&quot;:&quot;row&quot;,&quot;range_start&quot;:0,&quot;range_end&quot;:40,&quot;sticky_offset&quot;:0,&quot;lag&quot;:0,&quot;x_start&quot;:0,&quot;x_start_unit&quot;:&quot;px&quot;,&quot;x_end&quot;:0,&quot;x_end_unit&quot;:&quot;px&quot;,&quot;y_start&quot;:0,&quot;y_start_unit&quot;:&quot;px&quot;,&quot;y_end&quot;:0,&quot;y_end_unit&quot;:&quot;px&quot;,&quot;scale_start&quot;:100,&quot;scale_end&quot;:100,&quot;rotate_start&quot;:0,&quot;rotate_end&quot;:0,&quot;opacity_start&quot;:0.4,&quot;opacity_end&quot;:1,&quot;crop_start&quot;:0,&quot;crop_end&quot;:100}\" class=\"elementor-section elementor-top-section elementor-element elementor-element-ab30137 scheme_dark sc_parallax elementor-section-boxed elementor-section-height-default elementor-section-height-default sc_fly_static sc_parallax_default\" data-id=\"ab30137\" data-element_type=\"section\" data-settings=\"{&quot;background_background&quot;:&quot;classic&quot;}\">\n\t\t\t\t\t\t<div class=\"elementor-container elementor-column-gap-extended\">\n\t\t\t\t\t<div class=\"elementor-column elementor-col-100 elementor-top-column elementor-element elementor-element-3b808d9 sc_layouts_column_align_center sc_layouts_column sc_inner_width_none sc_content_align_inherit sc_layouts_column_icons_position_left sc_fly_static\" data-id=\"3b808d9\" data-element_type=\"column\">\n\t\t\t<div class=\"elementor-widget-wrap elementor-element-populated\">\n\t\t\t\t\t\t<div class=\"elementor-element elementor-element-3db3235 sc_height_huge sc_fly_static elementor-widget elementor-widget-spacer\" data-id=\"3db3235\" data-element_type=\"widget\" data-widget_type=\"spacer.default\">\n\t\t\t\t<div class=\"elementor-widget-container\">\n\t\t\t\t\t<div class=\"elementor-spacer\">\n\t\t\t<div class=\"elementor-spacer-inner\"><\/div>\n\t\t<\/div>\n\t\t\t\t<\/div>\n\t\t\t\t<\/div>\n\t\t\t\t<div class=\"elementor-element elementor-element-7cfe22f sc_layouts_hide_on_tablet sc_layouts_hide_on_mobile sc_fly_static elementor-widget elementor-widget-spacer\" data-id=\"7cfe22f\" data-element_type=\"widget\" data-widget_type=\"spacer.default\">\n\t\t\t\t<div class=\"elementor-widget-container\">\n\t\t\t\t\t<div class=\"elementor-spacer\">\n\t\t\t<div class=\"elementor-spacer-inner\"><\/div>\n\t\t<\/div>\n\t\t\t\t<\/div>\n\t\t\t\t<\/div>\n\t\t\t\t<div class=\"elementor-element elementor-element-41bada0 elementor-widget__width-initial scheme_default animated-slow animation_type_block sc_fly_static elementor-invisible elementor-widget elementor-widget-trx_sc_title\" data-id=\"41bada0\" data-element_type=\"widget\" data-settings=\"{&quot;_animation&quot;:&quot;soleil-fadeinup&quot;}\" data-widget_type=\"trx_sc_title.default\">\n\t\t\t\t<div class=\"elementor-widget-container\">\n\t\t\t<div\t\tclass=\"sc_title color_style_link3 scheme_default sc_title_default\" ><h1 class=\"sc_item_title sc_title_title sc_align_center sc_item_title_style_default sc_item_title_tag trx_addons_inline_903862322\"\n\t\t\t><span class=\"sc_item_title_text\">Necessites una instal\u00b7laci\u00f3?<\/span><\/h1><div\tclass=\"sc_item_button sc_button_wrap sc_align_center sc_item_button sc_item_button_hover sc_item_button_size_normal sc_title_button\"><a href=\"https:\/\/instalrfp.com\/ca\/contacte\/\" class=\"sc_button sc_button_hover sc_button_shadow sc_button_size_normal sc_button_icon_left\"><span class=\"sc_button_text\"><span class=\"sc_button_title\">Contacta'ns<\/span><\/span><\/a><\/div><\/div>\t\t<\/div>\n\t\t\t\t<\/div>\n\t\t\t\t<div class=\"elementor-element elementor-element-6c73d8a sc_layouts_hide_on_tablet sc_layouts_hide_on_mobile sc_fly_static elementor-widget elementor-widget-spacer\" data-id=\"6c73d8a\" data-element_type=\"widget\" data-widget_type=\"spacer.default\">\n\t\t\t\t<div class=\"elementor-widget-container\">\n\t\t\t\t\t<div class=\"elementor-spacer\">\n\t\t\t<div class=\"elementor-spacer-inner\"><\/div>\n\t\t<\/div>\n\t\t\t\t<\/div>\n\t\t\t\t<\/div>\n\t\t\t\t<div class=\"elementor-element elementor-element-f2e3bdb sc_height_huge sc_fly_static elementor-widget elementor-widget-spacer\" data-id=\"f2e3bdb\" data-element_type=\"widget\" data-widget_type=\"spacer.default\">\n\t\t\t\t<div class=\"elementor-widget-container\">\n\t\t\t\t\t<div class=\"elementor-spacer\">\n\t\t\t<div class=\"elementor-spacer-inner\"><\/div>\n\t\t<\/div>\n\t\t\t\t<\/div>\n\t\t\t\t<\/div>\n\t\t\t\t\t<\/div>\n\t\t<\/div>\n\t\t\t\t\t<\/div>\n\t\t<\/section>\n\t\t\t\t<\/div>\n\t\t","protected":false},"excerpt":{"rendered":"<p>Sempre a la recerca de la millor qualitat INSTAL RFP posa a disposici\u00f3 de tots els clients els nostres serveis per a La instal\u00b7laci\u00f3 i manteniment d&#8217;instal\u00b7lacions de protecci\u00f3 contra&hellip;<\/p>\n","protected":false},"author":1,"featured_media":0,"parent":0,"menu_order":0,"comment_status":"closed","ping_status":"closed","template":"","meta":{"footnotes":""},"class_list":["post-24983","page","type-page","status-publish","hentry"],"_links":{"self":[{"href":"https:\/\/instalrfp.com\/ca\/wp-json\/wp\/v2\/pages\/24983","targetHints":{"allow":["GET"]}}],"collection":[{"href":"https:\/\/instalrfp.com\/ca\/wp-json\/wp\/v2\/pages"}],"about":[{"href":"https:\/\/instalrfp.com\/ca\/wp-json\/wp\/v2\/types\/page"}],"author":[{"embeddable":true,"href":"https:\/\/instalrfp.com\/ca\/wp-json\/wp\/v2\/users\/1"}],"replies":[{"embeddable":true,"href":"https:\/\/instalrfp.com\/ca\/wp-json\/wp\/v2\/comments?post=24983"}],"version-history":[{"count":4,"href":"https:\/\/instalrfp.com\/ca\/wp-json\/wp\/v2\/pages\/24983\/revisions"}],"predecessor-version":[{"id":25146,"href":"https:\/\/instalrfp.com\/ca\/wp-json\/wp\/v2\/pages\/24983\/revisions\/25146"}],"wp:attachment":[{"href":"https:\/\/instalrfp.com\/ca\/wp-json\/wp\/v2\/media?parent=24983"}],"curies":[{"name":"wp","href":"https:\/\/api.w.org\/{rel}","templated":true}]}}