{"id":24981,"date":"2020-04-30T11:12:41","date_gmt":"2020-04-30T09:12:41","guid":{"rendered":"https:\/\/instalrfp.com\/contacte\/"},"modified":"2025-07-18T11:11:46","modified_gmt":"2025-07-18T09:11:46","slug":"contacte","status":"publish","type":"page","link":"https:\/\/instalrfp.com\/ca\/contacte\/","title":{"rendered":"<i>Contacte<\/i>"},"content":{"rendered":"\t\t<div data-elementor-type=\"wp-page\" data-elementor-id=\"24981\" class=\"elementor elementor-24981 elementor-1453\">\n\t\t\t\t\t\t<section data-parallax-params=\"{&quot;parallax&quot;:1,&quot;flow&quot;:&quot;default&quot;,&quot;crop&quot;:&quot;none&quot;,&quot;ease&quot;:&quot;power2&quot;,&quot;duration&quot;:1,&quot;delay&quot;:0,&quot;squeeze&quot;:1,&quot;text&quot;:&quot;block&quot;,&quot;text_separate&quot;:0,&quot;text_wrap&quot;:0,&quot;mouse&quot;:0,&quot;mouse_type&quot;:&quot;transform3d&quot;,&quot;mouse_tilt_amount&quot;:70,&quot;mouse_speed&quot;:10,&quot;mouse_z&quot;:&quot;&quot;,&quot;mouse_handler&quot;:&quot;row&quot;,&quot;range_start&quot;:0,&quot;range_end&quot;:40,&quot;sticky_offset&quot;:0,&quot;lag&quot;:0,&quot;x_start&quot;:0,&quot;x_start_unit&quot;:&quot;px&quot;,&quot;x_end&quot;:0,&quot;x_end_unit&quot;:&quot;px&quot;,&quot;y_start&quot;:0,&quot;y_start_unit&quot;:&quot;px&quot;,&quot;y_end&quot;:0,&quot;y_end_unit&quot;:&quot;px&quot;,&quot;scale_start&quot;:100,&quot;scale_end&quot;:100,&quot;rotate_start&quot;:0,&quot;rotate_end&quot;:0,&quot;opacity_start&quot;:0.4,&quot;opacity_end&quot;:1,&quot;crop_start&quot;:0,&quot;crop_end&quot;:100}\" class=\"elementor-section elementor-top-section elementor-element elementor-element-441fd213 sc_parallax elementor-section-boxed elementor-section-height-default elementor-section-height-default sc_fly_static sc_parallax_default\" data-id=\"441fd213\" data-element_type=\"section\" data-settings=\"{&quot;background_background&quot;:&quot;classic&quot;}\">\n\t\t\t\t\t\t<div class=\"elementor-container elementor-column-gap-extended\">\n\t\t\t\t\t<div class=\"elementor-column elementor-col-100 elementor-top-column elementor-element elementor-element-31d7db3e sc_inner_width_none sc_content_align_inherit sc_layouts_column_icons_position_left sc_fly_static\" data-id=\"31d7db3e\" data-element_type=\"column\">\n\t\t\t<div class=\"elementor-widget-wrap elementor-element-populated\">\n\t\t\t\t\t\t<div class=\"elementor-element elementor-element-b41ea19 sc_fly_static elementor-widget elementor-widget-spacer\" data-id=\"b41ea19\" data-element_type=\"widget\" data-widget_type=\"spacer.default\">\n\t\t\t\t<div class=\"elementor-widget-container\">\n\t\t\t\t\t<div class=\"elementor-spacer\">\n\t\t\t<div class=\"elementor-spacer-inner\"><\/div>\n\t\t<\/div>\n\t\t\t\t<\/div>\n\t\t\t\t<\/div>\n\t\t\t\t<section class=\"elementor-section elementor-inner-section elementor-element elementor-element-1432ad3b elementor-section-content-middle elementor-section-boxed elementor-section-height-default elementor-section-height-default sc_fly_static\" data-id=\"1432ad3b\" data-element_type=\"section\">\n\t\t\t\t\t\t<div class=\"elementor-container elementor-column-gap-no\">\n\t\t\t\t\t<div class=\"elementor-column elementor-col-50 elementor-inner-column elementor-element elementor-element-58318ea sc_inner_width_none sc_content_align_inherit sc_layouts_column_icons_position_left sc_fly_static\" data-id=\"58318ea\" data-element_type=\"column\">\n\t\t\t<div class=\"elementor-widget-wrap elementor-element-populated\">\n\t\t\t\t\t\t<div class=\"elementor-element elementor-element-10fc7423 animation_type_block sc_fly_static elementor-invisible elementor-widget elementor-widget-trx_sc_title\" data-id=\"10fc7423\" data-element_type=\"widget\" data-settings=\"{&quot;_animation&quot;:&quot;soleil-fadeinleft&quot;}\" data-widget_type=\"trx_sc_title.default\">\n\t\t\t\t<div class=\"elementor-widget-container\">\n\t\t\t<div\t\tclass=\"sc_title sc_title_default\" ><span class=\"sc_item_subtitle sc_title_subtitle sc_item_subtitle_above sc_item_title_style_default sc_item_subtitle_with_custom_color trx_addons_inline_228613799\">PARLA AMB ELS NOSTRES EXPERTS<\/span><h1 class=\"sc_item_title sc_title_title sc_item_title_style_default sc_item_title_tag trx_addons_inline_1229989090\"\n\t\t\t><span class=\"sc_item_title_text\">Posa't en contacte amb nosaltres<\/span><\/h1><\/div>\t\t<\/div>\n\t\t\t\t<\/div>\n\t\t\t\t<div class=\"elementor-element elementor-element-d8d5a10 sc_fly_static elementor-widget elementor-widget-spacer\" data-id=\"d8d5a10\" data-element_type=\"widget\" data-widget_type=\"spacer.default\">\n\t\t\t\t<div class=\"elementor-widget-container\">\n\t\t\t\t\t<div class=\"elementor-spacer\">\n\t\t\t<div class=\"elementor-spacer-inner\"><\/div>\n\t\t<\/div>\n\t\t\t\t<\/div>\n\t\t\t\t<\/div>\n\t\t\t\t<div class=\"elementor-element elementor-element-370b8a9 sc_fly_static elementor-widget elementor-widget-spacer\" data-id=\"370b8a9\" data-element_type=\"widget\" data-widget_type=\"spacer.default\">\n\t\t\t\t<div class=\"elementor-widget-container\">\n\t\t\t\t\t<div class=\"elementor-spacer\">\n\t\t\t<div class=\"elementor-spacer-inner\"><\/div>\n\t\t<\/div>\n\t\t\t\t<\/div>\n\t\t\t\t<\/div>\n\t\t\t\t<div class=\"elementor-element elementor-element-e68bfca animation_type_block sc_fly_static elementor-invisible elementor-widget elementor-widget-text-editor\" data-id=\"e68bfca\" data-element_type=\"widget\" data-settings=\"{&quot;_animation&quot;:&quot;soleil-fadeinleft&quot;}\" data-widget_type=\"text-editor.default\">\n\t\t\t\t<div class=\"elementor-widget-container\">\n\t\t\t\t\t\t\t<p>Si necessites m\u00e9s informaci\u00f3, assessorament personalitzat o vols formar part del nostre equip, escriu-nos!<\/p>\n<p>El nostre equip d&#8217;atenci\u00f3 al client et respondr\u00e0 aviat.<\/p>\n\t\t\t\t\t\t<\/div>\n\t\t\t\t<\/div>\n\t\t\t\t<div class=\"elementor-element elementor-element-7fb4946d sc_fly_static elementor-widget elementor-widget-spacer\" data-id=\"7fb4946d\" data-element_type=\"widget\" data-widget_type=\"spacer.default\">\n\t\t\t\t<div class=\"elementor-widget-container\">\n\t\t\t\t\t<div class=\"elementor-spacer\">\n\t\t\t<div class=\"elementor-spacer-inner\"><\/div>\n\t\t<\/div>\n\t\t\t\t<\/div>\n\t\t\t\t<\/div>\n\t\t\t\t<div class=\"elementor-element elementor-element-7b335ff scheme_store_light animation_type_block sc_fly_static elementor-invisible elementor-widget elementor-widget-trx_sc_button\" data-id=\"7b335ff\" data-element_type=\"widget\" data-settings=\"{&quot;_animation&quot;:&quot;fadeInUp&quot;}\" data-widget_type=\"trx_sc_button.default\">\n\t\t\t\t<div class=\"elementor-widget-container\">\n\t\t\t<div\tclass=\"sc_item_button sc_button_wrap\" ><a href=\"tel:+34931916545\" class=\"sc_button sc_button_simple sc_button_size_large sc_button_with_icon sc_button_icon_left color_style_dark\" ><span class=\"sc_button_icon\"><span class=\"icon-phone-call-1\"><\/span><\/span><span class=\"sc_button_text sc_align_center\"><span class=\"sc_button_title\">+34 931 91 65 45<\/span><\/span><\/a><\/div>\t\t<\/div>\n\t\t\t\t<\/div>\n\t\t\t\t\t<\/div>\n\t\t<\/div>\n\t\t\t\t<div class=\"elementor-column elementor-col-50 elementor-inner-column elementor-element elementor-element-5c09dec8 sc_inner_width_none sc_content_align_inherit sc_layouts_column_icons_position_left sc_fly_static\" data-id=\"5c09dec8\" data-element_type=\"column\">\n\t\t\t<div class=\"elementor-widget-wrap elementor-element-populated\">\n\t\t\t\t\t\t<div class=\"elementor-element elementor-element-d4c7357 sc_layouts_hide_on_wide sc_layouts_hide_on_desktop sc_layouts_hide_on_notebook sc_layouts_hide_on_tablet sc_height_medium sc_fly_static elementor-widget elementor-widget-spacer\" data-id=\"d4c7357\" data-element_type=\"widget\" data-widget_type=\"spacer.default\">\n\t\t\t\t<div class=\"elementor-widget-container\">\n\t\t\t\t\t<div class=\"elementor-spacer\">\n\t\t\t<div class=\"elementor-spacer-inner\"><\/div>\n\t\t<\/div>\n\t\t\t\t<\/div>\n\t\t\t\t<\/div>\n\t\t\t\t<div class=\"elementor-element elementor-element-38709ef animation_type_block sc_fly_static elementor-invisible elementor-widget elementor-widget-trx_sc_contact_form_7\" data-id=\"38709ef\" data-element_type=\"widget\" data-settings=\"{&quot;_animation&quot;:&quot;soleil-fadeinright&quot;}\" data-widget_type=\"trx_sc_contact_form_7.default\">\n\t\t\t\t<div class=\"elementor-widget-container\">\n\t\t\t\n<div class=\"wpcf7 no-js\" id=\"wpcf7-f24996-o1\" lang=\"ca\" dir=\"ltr\">\n<div class=\"screen-reader-response\"><p role=\"status\" aria-live=\"polite\" aria-atomic=\"true\"><\/p> <ul><\/ul><\/div>\n<form action=\"\/ca\/wp-json\/wp\/v2\/pages\/24981#wpcf7-f24996-o1\" method=\"post\" class=\"wpcf7-form init\" aria-label=\"Contact form\" novalidate=\"novalidate\" data-status=\"init\">\n<div style=\"display: none;\">\n<input type=\"hidden\" name=\"_wpcf7\" value=\"24996\" \/>\n<input type=\"hidden\" name=\"_wpcf7_version\" value=\"5.9.3\" \/>\n<input type=\"hidden\" name=\"_wpcf7_locale\" value=\"ca\" \/>\n<input type=\"hidden\" name=\"_wpcf7_unit_tag\" value=\"wpcf7-f24996-o1\" \/>\n<input type=\"hidden\" name=\"_wpcf7_container_post\" value=\"0\" \/>\n<input type=\"hidden\" name=\"_wpcf7_posted_data_hash\" value=\"\" \/>\n<\/div>\n<div class=\"form-style-7\">\n\t<div class=\"columns_wrap\">\n\t\t<div class=\"column-1_1\">\n\t\t\t<p><span class=\"style-line icon-name\"><span class=\"wpcf7-form-control-wrap\" data-name=\"your-name\"><input size=\"40\" class=\"wpcf7-form-control wpcf7-text wpcf7-validates-as-required\" aria-required=\"true\" aria-invalid=\"false\" placeholder=\"Nom\" value=\"\" type=\"text\" name=\"your-name\" \/><\/span><\/span>\n\t\t\t<\/p>\n\t\t<\/div>\n\t\t<div class=\"column-1_1\">\n\t\t\t<p><span class=\"style-line icon-phone\"><span class=\"wpcf7-form-control-wrap\" data-name=\"phone\"><input size=\"40\" class=\"wpcf7-form-control wpcf7-tel wpcf7-validates-as-required wpcf7-text wpcf7-validates-as-tel\" aria-required=\"true\" aria-invalid=\"false\" placeholder=\"Tel\u00e8fon\" value=\"\" type=\"tel\" name=\"phone\" \/><\/span><\/span>\n\t\t\t<\/p>\n\t\t<\/div>\n\t\t<div class=\"column-1_1\">\n\t\t\t<p><span class=\"style-line icon-email\"><span class=\"wpcf7-form-control-wrap\" data-name=\"your-email\"><input size=\"40\" class=\"wpcf7-form-control wpcf7-email wpcf7-validates-as-required wpcf7-text wpcf7-validates-as-email\" aria-required=\"true\" aria-invalid=\"false\" placeholder=\"Correu electr\u00f2nic\" value=\"\" type=\"email\" name=\"your-email\" \/><\/span><\/span>\n\t\t\t<\/p>\n\t\t<\/div>\n\t\t<div class=\"column-1_1\">\n\t\t\t<p><span class=\"style-line icon-subject\"><span class=\"wpcf7-form-control-wrap\" data-name=\"subject\"><input size=\"40\" class=\"wpcf7-form-control wpcf7-text wpcf7-validates-as-required\" aria-required=\"true\" aria-invalid=\"false\" placeholder=\"Assumpte\" value=\"\" type=\"text\" name=\"subject\" \/><\/span><\/span>\n\t\t\t<\/p>\n\t\t<\/div>\n\t<\/div>\n\t<div class=\"columns_wrap margin-bottom\">\n\t\t<div class=\"column-1_1\">\n\t\t\t<p><span class=\"style-line icon-textarea\"><span class=\"wpcf7-form-control-wrap\" data-name=\"your-message\"><textarea cols=\"40\" rows=\"10\" class=\"wpcf7-form-control wpcf7-textarea wpcf7-validates-as-required\" aria-required=\"true\" aria-invalid=\"false\" placeholder=\"Com et podem ajudar?\" name=\"your-message\"><\/textarea><\/span><\/span>\n\t\t\t<\/p>\n\t\t<\/div>\n\t<\/div>\n\t<div class=\"columns_wrap margin-bottom\">\n\t\t<div class=\"column-1_1\">\n\t\t\t<p><span class=\"wpcf7-form-control-wrap\" data-name=\"privacidad\"><span class=\"wpcf7-form-control wpcf7-acceptance\"><span class=\"wpcf7-list-item\"><label><input type=\"checkbox\" name=\"privacidad\" value=\"1\" aria-invalid=\"false\" \/><span class=\"wpcf7-list-item-label\">Accepto el tractament de les meves dades amb la finalitat de rebre la informaci\u00f3 sol\u00b7licitada.<\/span><\/label><\/span><\/span><\/span>\n\t\t\t<\/p>\n\t\t<\/div>\n\t<\/div>\n\t<p><input class=\"wpcf7-form-control wpcf7-submit has-spinner\" type=\"submit\" value=\"Enviar\" \/>\n\t<\/p>\n<\/div><div class=\"wpcf7-response-output\" aria-hidden=\"true\"><\/div>\n<\/form>\n<\/div>\n\t\t<\/div>\n\t\t\t\t<\/div>\n\t\t\t\t<div class=\"elementor-element elementor-element-efd07ac sc_fly_static elementor-widget elementor-widget-trx_sc_table\" data-id=\"efd07ac\" data-element_type=\"widget\" data-widget_type=\"trx_sc_table.default\">\n\t\t\t\t<div class=\"elementor-widget-container\">\n\t\t\t<div class=\"sc_table_wrap\"><div\t\tclass=\"sc_table sc_table_default trx_addons_inline_1566417763\" ><style>\ntable td{\nfont-size:12px;}\n<\/style>\n<table class=\"contact-table\" style=\"  width:80%; positiion:relative; margin:0 auto;;\">\n<tbody>\n<tr>\n<td style=\"font-size:12px;\">Responsable del tractament<\/td>\n<td style=\"font-size:12px;\">Instalaciones y Mantenimientos R.F.P. e Hijos, SL<\/td>\n<\/tr>\n<tr>\n<td style=\"font-size:12px;\">Finalitat<\/td>\n <td style=\"font-size:12px;\">Envieu-vos informaci\u00f3 relacionada amb la vostra sol\u00b7licitud d'informaci\u00f3.<\/td>\n<\/tr>\n<tr>\n<td style=\"font-size:12px;\">Legitimaci\u00f3<\/td>\n <td style=\"font-size:12px;\">Consentiment<\/td>\n<\/tr>\n<tr>\n<td style=\"font-size:12px;\">Cessions de dades i transfer\u00e8ncies<\/td>\n <td style=\"font-size:12px;\">Es fan cessions a l'empresa GoDaddy LLC, ubicada als Estats Units, que compleix les garanties especificades al RGPD.<\/td>\n<\/tr>\n<tr>\n<td style=\"font-size:12px;\">Drets<\/td>\n <td style=\"font-size:12px;\">Podr\u00e0s exercir els drets d'acc\u00e9s, rectificaci\u00f3, supressi\u00f3, limitaci\u00f3, oposici\u00f3, portabilitat, o retirar el consentiment enviant un correu electr\u00f2nic a rfp@instalrfp.com<\/td>\n<\/tr>\n<tr>\n<td style=\"font-size:12px;\">M\u00e9s informaci\u00f3<\/td>\n <td style=\"font-size:12px;\">Consulta la nostra <a href=\"https:\/\/instalrfp.com\/ca\/politica-de-privadesa\/\" target=\"_blank\">Pol\u00edtica de Privadesa<\/a> per a m\u00e9s informaci\u00f3<\/td>\n<\/tr>\n<\/tbody>\n<\/table><\/div><\/div>\t\t<\/div>\n\t\t\t\t<\/div>\n\t\t\t\t\t<\/div>\n\t\t<\/div>\n\t\t\t\t\t<\/div>\n\t\t<\/section>\n\t\t\t\t<div class=\"elementor-element elementor-element-dabb119 sc_layouts_hide_on_tablet sc_layouts_hide_on_mobile sc_height_huge sc_fly_static elementor-widget elementor-widget-spacer\" data-id=\"dabb119\" data-element_type=\"widget\" data-widget_type=\"spacer.default\">\n\t\t\t\t<div class=\"elementor-widget-container\">\n\t\t\t\t\t<div class=\"elementor-spacer\">\n\t\t\t<div class=\"elementor-spacer-inner\"><\/div>\n\t\t<\/div>\n\t\t\t\t<\/div>\n\t\t\t\t<\/div>\n\t\t\t\t\t<\/div>\n\t\t<\/div>\n\t\t\t\t\t<\/div>\n\t\t<\/section>\n\t\t\t\t<\/div>\n\t\t","protected":false},"excerpt":{"rendered":"<p>PARLA AMB ELS NOSTRES EXPERTS Posa&#8217;t en contacte amb nosaltres Si necessites m\u00e9s informaci\u00f3, assessorament personalitzat o vols formar part del nostre equip, escriu-nos! El nostre equip d&#8217;atenci\u00f3 al client&hellip;<\/p>\n","protected":false},"author":1,"featured_media":0,"parent":0,"menu_order":0,"comment_status":"closed","ping_status":"closed","template":"","meta":{"footnotes":""},"class_list":["post-24981","page","type-page","status-publish","hentry"],"_links":{"self":[{"href":"https:\/\/instalrfp.com\/ca\/wp-json\/wp\/v2\/pages\/24981","targetHints":{"allow":["GET"]}}],"collection":[{"href":"https:\/\/instalrfp.com\/ca\/wp-json\/wp\/v2\/pages"}],"about":[{"href":"https:\/\/instalrfp.com\/ca\/wp-json\/wp\/v2\/types\/page"}],"author":[{"embeddable":true,"href":"https:\/\/instalrfp.com\/ca\/wp-json\/wp\/v2\/users\/1"}],"replies":[{"embeddable":true,"href":"https:\/\/instalrfp.com\/ca\/wp-json\/wp\/v2\/comments?post=24981"}],"version-history":[{"count":16,"href":"https:\/\/instalrfp.com\/ca\/wp-json\/wp\/v2\/pages\/24981\/revisions"}],"predecessor-version":[{"id":25218,"href":"https:\/\/instalrfp.com\/ca\/wp-json\/wp\/v2\/pages\/24981\/revisions\/25218"}],"wp:attachment":[{"href":"https:\/\/instalrfp.com\/ca\/wp-json\/wp\/v2\/media?parent=24981"}],"curies":[{"name":"wp","href":"https:\/\/api.w.org\/{rel}","templated":true}]}}